{"id":26,"date":"2021-01-11T11:29:14","date_gmt":"2021-01-11T11:29:14","guid":{"rendered":"http:\/\/kinegune.com\/?page_id=26"},"modified":"2025-11-07T11:48:25","modified_gmt":"2025-11-07T11:48:25","slug":"kinegune-fisioterapia","status":"publish","type":"page","link":"https:\/\/kinegune.com\/eus\/kinegune-fisioterapia\/","title":{"rendered":"Kinegune"},"content":{"rendered":"<div class=\"wpb-content-wrapper\"><div class=\"vc_row wpb_row vc_row-fluid\"><div class=\"wpb_column vc_column_container vc_col-sm-2 vc_col-lg-offset-5 vc_col-lg-2 vc_col-md-offset-5 vc_col-md-2 vc_col-sm-offset-5\"><div class=\"vc_column-inner\"><div class=\"wpb_wrapper\">\n\t<div  class=\"wpb_single_image wpb_content_element vc_align_center wpb_content_element  flecha\">\n\t\t\n\t\t<figure class=\"wpb_wrapper vc_figure\">\n\t\t\t<div class=\"vc_single_image-wrapper   vc_box_border_grey\"><img loading=\"lazy\" decoding=\"async\" width=\"150\" height=\"150\" src=\"https:\/\/kinegune.com\/wp-content\/uploads\/2021\/01\/flecha-gris.svg\" class=\"vc_single_image-img attachment-thumbnail\" alt=\"\" title=\"flecha-gris\" \/><\/div>\n\t\t<\/figure>\n\t<\/div>\n<\/div><\/div><\/div><\/div><div class=\"vc_row wpb_row vc_row-fluid\"><div class=\"wpb_column vc_column_container vc_col-sm-8 vc_col-lg-offset-3 vc_col-lg-6 vc_col-md-offset-2 vc_col-md-8 vc_col-sm-offset-2\"><div class=\"vc_column-inner\"><div class=\"wpb_wrapper\">\n\t<div class=\"wpb_text_column wpb_content_element texto-negrita\" >\n\t\t<div class=\"wpb_wrapper\">\n\t\t\t<p style=\"text-align: center;\" class=\"translation-block\">2014an hasi genuen proiektua, Bartzelonako hainbat zentrotan hainbat urtez lan egin ondoren. Uhartera etorri ginen, gustuko dugun horretan lan egiteko zentro bat irekitzeko ilusioarekin. Denborarekin, diziplina anitzeko zentroaren ikuspegirantz eboluzionatzen joan gara, zerbitzu hobea eta osoagoa eskaintzen laguntzen diguten profesional berriak sartuz.<\/p>\n\n\t\t<\/div>\n\t<\/div>\n<\/div><\/div><\/div><\/div><div class=\"vc_row wpb_row vc_row-fluid vc_row-o-content-middle vc_row-flex\"><div class=\"fotopersonal wpb_column vc_column_container vc_col-sm-4 vc_col-lg-offset-1 vc_col-lg-4 vc_col-md-offset-1 vc_col-md-4 vc_col-sm-offset-1 vc_col-xs-12\"><div class=\"vc_column-inner\"><div class=\"wpb_wrapper\"><figure class=\"\"><img decoding=\"async\" src=\"https:\/\/kinegune.com\/wp-content\/uploads\/2021\/02\/maialen.png\" alt=\"\" \/><figcaption><\/figcaption><\/figure><\/div><\/div><\/div><div class=\"morado wpb_column vc_column_container vc_col-sm-6 vc_col-lg-offset-1 vc_col-lg-6 vc_col-md-offset-1 vc_col-md-6 vc_col-sm-offset-1\"><div class=\"vc_column-inner\"><div class=\"wpb_wrapper\"><h1>Maialen Aristregui Olaiz<\/h1>\n\t<div class=\"wpb_text_column wpb_content_element cita\" >\n\t\t<div class=\"wpb_wrapper\">\n\t\t\t<p class=\"p1 translation-block\"><strong><em><span class=\"s1\">Fisioterapeuta 487 kol.<\/span><span class=\"s1\">\neta egiturazko osteopata.<\/span><\/em><\/strong><\/p>\n<p class=\"p1 translation-block\">Kaixo, Maialen dut izena eta txikitatik argi neukan fisioterapian aritu nahi nuela. Jendearen ongizatea hobetzen lagundu ahal izateak oso zoriontsu egin nau beti.<\/p>\n<p class=\"p1 translation-block\">Ikasketak amaitzean, Bartzelonan geratu nintzen, eta han <strong> fisioterapiarekin  <\/strong>lotutako hainbat ikastarotan trebatzen jarraitu nuen:  <strong>ziztada lehorra, kakoak eta jarrera-berreziketa <\/strong>. Han hasi nintzen lanean eta fisioterapiaren alor berriak aurkitzen.<\/p>\n<p class=\"p1 translation-block\">Pixkanaka-pixkanaka, zoru pelbikoan formatu nintzen, izugarri gustatzen zaidan eremua. <strong>Uroginekologia eta perierditze <\/strong>graduondokoa ikasi nuen Gimbernat-en eta, <strong>gainera, gimnasia abdominal hipopresiboan, Tad metodoan eta 5p metodoan aditua naiz.<\/strong><\/p>\n<p class=\"p1 translation-block\">2014an, Uhartera itzuli nintzen bizitzera, eta hemen, nire lagun Rogerrekin batera, <strong>KINEGUNE<\/strong> fisioterapia-zentroa prestatu dut. Zorioneko sentitzen naiz maite dudan honetan aritzen naizelako.<\/p>\n\n\t\t<\/div>\n\t<\/div>\n<\/div><\/div><\/div><\/div><div id=\"fisioterapia\" class=\"vc_row wpb_row vc_row-fluid vc_row-o-content-middle vc_row-flex\"><div class=\"wpb_column vc_column_container vc_col-sm-6 vc_col-lg-offset-0 vc_col-lg-6 vc_col-md-offset-0 vc_col-md-6 vc_col-sm-offset-0 vc_hidden-xs\"><div class=\"vc_column-inner\"><div class=\"wpb_wrapper\"><h1>Roger Costa Sala<\/h1>\n\t<div class=\"wpb_text_column wpb_content_element cita\" >\n\t\t<div class=\"wpb_wrapper\">\n\t\t\t<p class=\"p1\"><strong><span class=\"s1\"><i>Fisioterapeuta 418 kol.<\/i><\/span><\/strong><\/p>\n<p class=\"p1 translation-block\">Kaixo, Roger naiz, fisioterapeuta.<\/p>\n<p class=\"p1\"><span class=\"s1\">Unibertsitatetik irten nintzenetik etengabe trebatu naiz eta teknika berriak ikasi ditut nire ezagutzak zabaltzeko eta tratamendu onak egiteko.<\/span><\/p>\n<p class=\"p1\"><span class=\"s1\">Asko gustatzen zait nire lanbidea eta pertsonak ikuspuntu desberdinetatik tratatzea. Tratamendu bakoitzean nire ezagutza guztiak islatzen saiatzen naiz.<\/span><\/p>\n<p class=\"p1\"><span class=\"s1\">He estudiado distintos cursos de fisioterapia como <strong>punci\u00f3n seca, alteraciones ATM, fibrolisis instrumental y terapia visceral<\/strong>. He realizado un m\u00e1ster en <strong>psiconeuroinmunoendocrinolog\u00eda <\/strong>y soy <strong>Acupuntor<\/strong> con estudios de <strong>Medicina Tradicional China<\/strong>.<\/span><\/p>\n<p class=\"p1\"><span class=\"s1\">Pertsona irekia eta hurbila naiz, familiarekin eta lagunekin egotea gustatzen zaiona.<\/span><\/p>\n\n\t\t<\/div>\n\t<\/div>\n<\/div><\/div><\/div><div class=\"fotopersonal wpb_column vc_column_container vc_col-sm-4 vc_col-lg-offset-2 vc_col-lg-4 vc_col-md-offset-2 vc_col-md-4 vc_col-sm-offset-1 vc_col-xs-4 vc_hidden-xs\"><div class=\"vc_column-inner\"><div class=\"wpb_wrapper\"><figure class=\"\"><img decoding=\"async\" src=\"https:\/\/kinegune.com\/wp-content\/uploads\/2021\/01\/Kinegune-202010033695.png\" alt=\"\" \/><figcaption><\/figcaption><\/figure><\/div><\/div><\/div><\/div><div class=\"vc_row wpb_row vc_row-fluid\"><div class=\"fotopersonal wpb_column vc_column_container vc_col-sm-4 vc_col-lg-offset-1 vc_col-lg-4 vc_hidden-lg vc_col-md-offset-1 vc_col-md-4 vc_hidden-md vc_hidden-sm vc_col-xs-12\"><div class=\"vc_column-inner\"><div class=\"wpb_wrapper\"><figure class=\"\"><img decoding=\"async\" src=\"https:\/\/kinegune.com\/wp-content\/uploads\/2021\/01\/Kinegune-202010033695.png\" alt=\"\" \/><figcaption><\/figcaption><\/figure><\/div><\/div><\/div><div class=\"wpb_column vc_column_container vc_col-sm-6 vc_col-lg-offset-1 vc_col-lg-6 vc_hidden-lg vc_col-md-offset-1 vc_col-md-6 vc_hidden-md vc_col-sm-offset-2 vc_hidden-sm\"><div class=\"vc_column-inner\"><div class=\"wpb_wrapper\"><h1>Roger Costa Sala<\/h1>\n\t<div class=\"wpb_text_column wpb_content_element cita\" >\n\t\t<div class=\"wpb_wrapper\">\n\t\t\t<p class=\"p1\"><strong><span class=\"s1\"><i>Fisioterapeuta 418 kol.<\/i><\/span><\/strong><\/p>\n<p class=\"p1 translation-block\">Kaixo, Roger naiz, fisioterapeuta.<\/p>\n<p class=\"p1\"><span class=\"s1\">Unibertsitatetik irten nintzenetik etengabe trebatu naiz eta teknika berriak ikasi ditut nire ezagutzak zabaltzeko eta tratamendu onak egiteko.<\/span><\/p>\n<p class=\"p1\"><span class=\"s1\">Asko gustatzen zait nire lanbidea eta pertsonak ikuspuntu desberdinetatik tratatzea. Tratamendu bakoitzean nire ezagutza guztiak islatzen saiatzen naiz.<\/span><\/p>\n<p class=\"p1\"><span class=\"s1\">He estudiado distintos cursos de fisioterapia como <strong>punci\u00f3n seca, alteraciones ATM, fibrolisis instrumental y terapia visceral<\/strong>. He realizado un m\u00e1ster en <strong>psiconeuroinmunoendocrinolog\u00eda<\/strong> y soy <strong>Acupuntor<\/strong> con estudios de <strong>Medicina Tradicional China<\/strong>.<\/span><\/p>\n<p class=\"p1\"><span class=\"s1\">Pertsona irekia eta hurbila naiz, familiarekin eta lagunekin egotea gustatzen zaiona.<\/span><\/p>\n\n\t\t<\/div>\n\t<\/div>\n<\/div><\/div><\/div><\/div><div class=\"vc_row wpb_row vc_row-fluid vc_row-o-content-middle vc_row-flex\"><div class=\"wpb_column vc_column_container vc_col-sm-4 vc_col-lg-offset-1 vc_col-lg-4 vc_col-md-offset-1 vc_col-md-4 vc_col-sm-offset-1 vc_col-xs-12\"><div class=\"vc_column-inner\"><div class=\"wpb_wrapper\"><figure class=\"fotopersonal\"><img decoding=\"async\" src=\"https:\/\/kinegune.com\/wp-content\/uploads\/2021\/02\/Eider-01-01.png\" alt=\"\" \/><figcaption><\/figcaption><\/figure><\/div><\/div><\/div><div class=\"morado wpb_column vc_column_container vc_col-sm-6 vc_col-lg-offset-1 vc_col-lg-6 vc_col-md-offset-1 vc_col-md-6 vc_col-sm-offset-1\"><div class=\"vc_column-inner\"><div class=\"wpb_wrapper\"><h1>Eider Serrano Tadeo<\/h1>\n\t<div class=\"wpb_text_column wpb_content_element cita\" >\n\t\t<div class=\"wpb_wrapper\">\n\t\t\t<p class=\"p1\"><strong><span class=\"s1\"><i>Fisioterapeuta 643 kol.<\/i><\/span><\/strong><\/p>\n<p class=\"p1 translation-block\"><span class=\"s1\"> Kaixo, Eider naiz eta fisioterapeuta naiz.<br>\n<\/span><span class=\"s1\"> Nerabezaroan gimnasia erritmikoa egin nuen eta fisioterapeutaren figura bertan izan nuen eta horrek bere lana deigarri egin zidan. Horregatik, 2010ean Iru\u00f1ea utzi eta Madrilera joan nintzen Alcala de Henaresko unibertsitatean<strong> fisioterapia<\/strong> ikastera. <\/span><\/p>\n<p class=\"p1\"><span class=\"s1\">Abenturazalea naiz, eta karrera amaitu nuenean, Indiara joan nintzen boluntario gisa, eta han arazo neurologikoak zituzten haurrekin egon nintzen. Nire bizitzako esperientziarik aberasgarriena izan zen.<\/span><\/p>\n<p class=\"p1 translation-block\"><span class=\"s1\">Praktikan gehien erakartzen nauena kirol-fisioterapia da. Horregatik egin ditut erlazionatuta dauden ikastaroak eta<strong> Pilates terapeutikoan trebatu nintzen.<\/strong><\/span><\/p>\n<p class=\"p1\"><span class=\"s1\">KINEGUNEn, pozik nago bi gauzak konbinatu ditzakedalako, bai talde txikien Pilates saioetan, bai banakako fisioterapia kontsultetan. <\/span><\/p>\n\n\t\t<\/div>\n\t<\/div>\n<\/div><\/div><\/div><\/div><div class=\"vc_row wpb_row vc_row-fluid vc_row-o-content-middle vc_row-flex\"><div class=\"wpb_column vc_column_container vc_col-sm-6 vc_col-lg-offset-0 vc_col-lg-6 vc_col-md-offset-0 vc_col-md-6 vc_col-sm-offset-0 vc_hidden-xs\"><div class=\"vc_column-inner\"><div class=\"wpb_wrapper\"><h1>Ana Sans Castellv\u00ed<\/h1>\n\t<div class=\"wpb_text_column wpb_content_element cita\" >\n\t\t<div class=\"wpb_wrapper\">\n\t\t\t<p class=\"p1\"><strong><span class=\"s1\"><i>Podologoa 84 kol.<\/i><\/span><\/strong><\/p>\n<p class=\"p1 translation-block\">Kaixo, Ana Sans Castellv\u00ed naiz. <strong>Podologoa <\/strong>naiz, 10 urteko esperientzia dut sektorean, oin eta oin diabetikoko kirurgia espezialitatean. Teknikari ortoprotesikoa ere banaiz, eta, horregatik, paziente minusbaliatuen tratamenduan aditua.<\/p>\n<p class=\"p1 translation-block\">Ortopedia eta podologia ikastera eraman ninduena familiako bizipenak izan ziren.\nHorregatik uste dut<strong> podologia eta ortopedia<\/strong> ezinbesteko tresna direla, batez ere gero eta zaharragoa den populazioan.<\/p>\n<p class=\"p1\"><span class=\"s1\">Me he formado realizando varias estancias en Hospitales de Barcelona. He tenido durante casi 3 a\u00f1os consulta propia en el Hospital de San Juan de Dios. <\/span><\/p>\n<p class=\"p1\"><span class=\"s1\">Bartzelonako Ospitaleetan egonaldi batzuk eginez trebatu naiz. Ia 3 urtez izan dut kontsulta propioa San Juan de Dios Ospitalean eta gaur egun hainbat zentrotan nago, horien artean Kinegune. Beste espezialitate batzuekin lan egiteak pazientearen tratamendua aberasten du, baita gure ezagutza ere.<\/span><\/p>\n\n\t\t<\/div>\n\t<\/div>\n<\/div><\/div><\/div><div class=\"fotopersonal wpb_column vc_column_container vc_col-sm-4 vc_col-lg-offset-2 vc_col-lg-4 vc_col-md-offset-2 vc_col-md-4 vc_col-sm-offset-1 vc_col-xs-4 vc_hidden-xs\"><div class=\"vc_column-inner\"><div class=\"wpb_wrapper\"><figure class=\"\"><img decoding=\"async\" src=\"https:\/\/kinegune.com\/wp-content\/uploads\/2021\/02\/Anna-podo-01.png\" alt=\"\" \/><figcaption><\/figcaption><\/figure><\/div><\/div><\/div><\/div><div class=\"vc_row wpb_row vc_row-fluid\"><div class=\"fotopersonal wpb_column vc_column_container vc_col-sm-3 vc_col-lg-offset-1 vc_col-lg-4 vc_hidden-lg vc_col-md-offset-1 vc_col-md-4 vc_hidden-md vc_hidden-sm vc_col-xs-12\"><div class=\"vc_column-inner\"><div class=\"wpb_wrapper\"><figure class=\"\"><img decoding=\"async\" src=\"https:\/\/kinegune.com\/wp-content\/uploads\/2021\/02\/Anna-podo-01.png\" alt=\"\" \/><figcaption><\/figcaption><\/figure><\/div><\/div><\/div><div class=\"wpb_column vc_column_container vc_col-sm-6 vc_col-lg-offset-1 vc_col-lg-6 vc_hidden-lg vc_col-md-offset-1 vc_col-md-6 vc_hidden-md vc_col-sm-offset-2 vc_hidden-sm\"><div class=\"vc_column-inner\"><div class=\"wpb_wrapper\"><h1>Ana Sans Castellv\u00ed<\/h1>\n\t<div class=\"wpb_text_column wpb_content_element cita\" >\n\t\t<div class=\"wpb_wrapper\">\n\t\t\t<p class=\"p1\"><strong><span class=\"s1\"><i>Podologoa 84 kol.<\/i><\/span><\/strong><\/p>\n<p class=\"p1 translation-block\">Kaixo, Ana Sans Castellv\u00ed naiz. <strong>Podologoa <\/strong>naiz, 10 urteko esperientzia dut sektorean, oin eta oin diabetikoko kirurgia espezialitatean. Teknikari ortoprotesikoa ere banaiz, eta, horregatik, paziente minusbaliatuen tratamenduan aditua.<\/p>\n<p class=\"p1 translation-block\">Ortopedia eta podologia ikastera eraman ninduena familiako bizipenak izan ziren.\nHorregatik uste dut<strong> podologia eta ortopedia<\/strong> ezinbesteko tresna direla, batez ere gero eta zaharragoa den populazioan.<\/p>\n<p class=\"p1\"><span class=\"s1\">Me he formado realizando varias estancias en Hospitales de Barcelona. He tenido durante casi 3 a\u00f1os consulta propia en el Hospital de San Juan de Dios. <\/span><\/p>\n<p class=\"p1\"><span class=\"s1\">Bartzelonako Ospitaleetan egonaldi batzuk eginez trebatu naiz. Ia 3 urtez izan dut kontsulta propioa San Juan de Dios Ospitalean eta gaur egun hainbat zentrotan nago, horien artean Kinegune. Beste espezialitate batzuekin lan egiteak pazientearen tratamendua aberasten du, baita gure ezagutza ere.<\/span><\/p>\n\n\t\t<\/div>\n\t<\/div>\n<\/div><\/div><\/div><\/div><div class=\"vc_row wpb_row vc_row-fluid vc_row-o-content-middle vc_row-flex\"><div class=\"wpb_column vc_column_container vc_col-sm-4 vc_col-lg-offset-1 vc_col-lg-4 vc_col-md-offset-1 vc_col-md-4 vc_col-sm-offset-1 vc_col-xs-12\"><div class=\"vc_column-inner\"><div class=\"wpb_wrapper\"><figure class=\"fotopersonal\"><img decoding=\"async\" src=\"https:\/\/kinegune.com\/wp-content\/uploads\/2025\/11\/Ana-Gurrea-Dietista-scaled.jpg\" alt=\"\" \/><figcaption><\/figcaption><\/figure><\/div><\/div><\/div><div class=\"morado wpb_column vc_column_container vc_col-sm-6 vc_col-lg-offset-1 vc_col-lg-6 vc_col-md-offset-1 vc_col-md-6 vc_col-sm-offset-1\"><div class=\"vc_column-inner\"><div class=\"wpb_wrapper\"><h1>Ana Gurrea Prados<\/h1>\n\t<div class=\"wpb_text_column wpb_content_element cita\" >\n\t\t<div class=\"wpb_wrapper\">\n\t\t\t<p class=\"p1\"><strong><span class=\"s1\"><i>Dietista col. 1091<\/i><\/span><\/strong><\/p>\n<p>Hola, soy Ana, dietista titulada y miembro de la Asociaci\u00f3n de TSD espa\u00f1ola.<\/p>\n<p>Me gusta trabajar la nutrici\u00f3n de forma\u00a0<strong>global e integral<\/strong>, teniendo siempre en cuenta no solo lo que comes, sino tambi\u00e9n tu\u00a0<b>contexto<\/b>: tu estilo de vida, tus rutinas, horarios y por supuesto, tu bienestar emocional.<\/p>\n<p>Hoy en d\u00eda estamos rodeados de informaci\u00f3n y alimentos por todas partes, y eso muchas veces nos complica lo que deber\u00eda ser sencillo: saber qu\u00e9 comer para\u00a0<b>sentirnos bien y<\/b>\u00a0<b>nutrirnos<\/b>.<\/p>\n<p>Por eso mi objetivo es ayudarte a\u00a0<strong>ordenar tu alimentaci\u00f3n<\/strong>\u00a0y hacerla completa, nutritiva y adaptada a ti. Trabajo en distintos campos como la\u00a0<strong>nutrici\u00f3n digestiva, hormonal y deportiva<\/strong>, para que puedas cuidar tu salud desde dentro, ya sea mejorando molestias, equilibrando hormonas o rindiendo mejor en el deporte.<\/p>\n<p>Sea cual sea tu situaci\u00f3n, buscaremos juntos la manera de encarrilarla y que disfrutes de la comida sin perder de vista lo m\u00e1s importante:\u00a0<strong>tu bienestar<\/strong>.<\/p>\n\n\t\t<\/div>\n\t<\/div>\n<\/div><\/div><\/div><\/div><div id=\"abaj\" class=\"vc_row wpb_row vc_row-fluid\"><div class=\"wpb_column vc_column_container vc_col-sm-6 vc_col-lg-offset-3 vc_col-lg-6 vc_col-md-offset-3 vc_col-md-6 vc_col-sm-offset-3\"><div class=\"vc_column-inner\"><div class=\"wpb_wrapper\"><h2><\/p>\n<p style=\"text-align: center;\"><em><strong>\"Gure helburua zuri bizitza osasungarriagoa <br>egitea da\"<\/strong><\/em><\/p>\n<p><\/h2><\/div><\/div><\/div><\/div><div data-vc-full-width=\"true\" data-vc-full-width-temp=\"true\" data-vc-full-width-init=\"false\" data-vc-stretch-content=\"true\" class=\"vc_row wpb_row vc_row-fluid fotofinal vc_row-no-padding\"><div class=\"wpb_column vc_column_container vc_col-sm-12\"><div class=\"vc_column-inner\"><div class=\"wpb_wrapper\">\n\t<div id=\"fotofinal\" class=\"wpb_single_image wpb_content_element vc_align_center wpb_content_element\">\n\t\t\n\t\t<figure class=\"wpb_wrapper vc_figure\">\n\t\t\t<div class=\"vc_single_image-wrapper   vc_box_border_grey\"><img loading=\"lazy\" decoding=\"async\" width=\"3000\" height=\"902\" src=\"https:\/\/kinegune.com\/wp-content\/uploads\/2021\/01\/fotofinal_02-1.png\" class=\"vc_single_image-img attachment-full\" alt=\"\" title=\"fotofinal_02\" srcset=\"https:\/\/kinegune.com\/wp-content\/uploads\/2021\/01\/fotofinal_02-1.png 3000w, https:\/\/kinegune.com\/wp-content\/uploads\/2021\/01\/fotofinal_02-1-300x90.png 300w, https:\/\/kinegune.com\/wp-content\/uploads\/2021\/01\/fotofinal_02-1-1024x308.png 1024w, https:\/\/kinegune.com\/wp-content\/uploads\/2021\/01\/fotofinal_02-1-768x231.png 768w, https:\/\/kinegune.com\/wp-content\/uploads\/2021\/01\/fotofinal_02-1-1536x462.png 1536w, https:\/\/kinegune.com\/wp-content\/uploads\/2021\/01\/fotofinal_02-1-2048x616.png 2048w\" sizes=\"auto, (max-width: 3000px) 100vw, 3000px\" \/><\/div>\n\t\t<\/figure>\n\t<\/div>\n<\/div><\/div><\/div><\/div><div class=\"vc_row-full-width vc_clearfix\"><\/div>\n<\/div>","protected":false},"excerpt":{"rendered":"Iniciamos este proyecto en el a\u00f1o 2014 despu\u00e9s de varios a\u00f1os trabajando en distintos centros en Barcelona. Nos trasladamos a Huarte con la ilusi\u00f3n de poder abrir un centro donde poder trabajar de lo que nos gusta. Con el tiempo, hemos ido evolucionando hacia una visi\u00f3n de centro multidisciplinar incorporando nuevos profesionales que nos ayudan [...]","protected":false},"author":1,"featured_media":38,"parent":0,"menu_order":0,"comment_status":"closed","ping_status":"closed","template":"","meta":{"inline_featured_image":false,"footnotes":""},"class_list":["post-26","page","type-page","status-publish","has-post-thumbnail","hentry"],"yoast_head":"<!-- This site is optimized with the Yoast SEO plugin v27.4 - https:\/\/yoast.com\/product\/yoast-seo-wordpress\/ -->\n<title>Kinegune - kinegune<\/title>\n<meta name=\"robots\" content=\"index, follow, max-snippet:-1, max-image-preview:large, max-video-preview:-1\" \/>\n<link rel=\"canonical\" href=\"https:\/\/kinegune.com\/eus\/kinegune-fisioterapia\/\" \/>\n<meta property=\"og:locale\" content=\"en_US\" \/>\n<meta property=\"og:type\" content=\"article\" \/>\n<meta property=\"og:title\" content=\"Kinegune - kinegune\" \/>\n<meta property=\"og:url\" content=\"https:\/\/kinegune.com\/eus\/kinegune-fisioterapia\/\" \/>\n<meta property=\"og:site_name\" content=\"kinegune\" \/>\n<meta property=\"article:modified_time\" content=\"2025-11-07T11:48:25+00:00\" \/>\n<meta property=\"og:image\" content=\"https:\/\/kinegune.com\/wp-content\/uploads\/2021\/01\/Kinegune-202010033571.jpg\" \/>\n\t<meta property=\"og:image:width\" content=\"1920\" \/>\n\t<meta property=\"og:image:height\" content=\"1280\" \/>\n\t<meta property=\"og:image:type\" content=\"image\/jpeg\" \/>\n<meta name=\"twitter:card\" content=\"summary_large_image\" \/>\n<meta name=\"twitter:label1\" content=\"Est. reading time\" \/>\n\t<meta name=\"twitter:data1\" content=\"8 minutua\" \/>\n<script type=\"application\/ld+json\" class=\"yoast-schema-graph\">{\"@context\":\"https:\\\/\\\/schema.org\",\"@graph\":[{\"@type\":\"WebPage\",\"@id\":\"https:\\\/\\\/kinegune.com\\\/kinegune-fisioterapia\\\/\",\"url\":\"https:\\\/\\\/kinegune.com\\\/kinegune-fisioterapia\\\/\",\"name\":\"Kinegune - kinegune\",\"isPartOf\":{\"@id\":\"https:\\\/\\\/kinegune.com\\\/#website\"},\"primaryImageOfPage\":{\"@id\":\"https:\\\/\\\/kinegune.com\\\/kinegune-fisioterapia\\\/#primaryimage\"},\"image\":{\"@id\":\"https:\\\/\\\/kinegune.com\\\/kinegune-fisioterapia\\\/#primaryimage\"},\"thumbnailUrl\":\"https:\\\/\\\/kinegune.com\\\/wp-content\\\/uploads\\\/2021\\\/01\\\/Kinegune-202010033571.jpg\",\"datePublished\":\"2021-01-11T11:29:14+00:00\",\"dateModified\":\"2025-11-07T11:48:25+00:00\",\"breadcrumb\":{\"@id\":\"https:\\\/\\\/kinegune.com\\\/kinegune-fisioterapia\\\/#breadcrumb\"},\"inLanguage\":\"eu\",\"potentialAction\":[{\"@type\":\"ReadAction\",\"target\":[\"https:\\\/\\\/kinegune.com\\\/kinegune-fisioterapia\\\/\"]}]},{\"@type\":\"ImageObject\",\"inLanguage\":\"eu\",\"@id\":\"https:\\\/\\\/kinegune.com\\\/kinegune-fisioterapia\\\/#primaryimage\",\"url\":\"https:\\\/\\\/kinegune.com\\\/wp-content\\\/uploads\\\/2021\\\/01\\\/Kinegune-202010033571.jpg\",\"contentUrl\":\"https:\\\/\\\/kinegune.com\\\/wp-content\\\/uploads\\\/2021\\\/01\\\/Kinegune-202010033571.jpg\",\"width\":1920,\"height\":1280},{\"@type\":\"BreadcrumbList\",\"@id\":\"https:\\\/\\\/kinegune.com\\\/kinegune-fisioterapia\\\/#breadcrumb\",\"itemListElement\":[{\"@type\":\"ListItem\",\"position\":1,\"name\":\"Portada\",\"item\":\"https:\\\/\\\/kinegune.com\\\/\"},{\"@type\":\"ListItem\",\"position\":2,\"name\":\"Kinegune\"}]},{\"@type\":\"WebSite\",\"@id\":\"https:\\\/\\\/kinegune.com\\\/#website\",\"url\":\"https:\\\/\\\/kinegune.com\\\/\",\"name\":\"kinegune\",\"description\":\"Fisioterapia. La mejor salud.\",\"potentialAction\":[{\"@type\":\"SearchAction\",\"target\":{\"@type\":\"EntryPoint\",\"urlTemplate\":\"https:\\\/\\\/kinegune.com\\\/?s={search_term_string}\"},\"query-input\":{\"@type\":\"PropertyValueSpecification\",\"valueRequired\":true,\"valueName\":\"search_term_string\"}}],\"inLanguage\":\"eu\"}]}<\/script>\n<!-- \/ Yoast SEO plugin. -->","yoast_head_json":{"title":"Kinegune - kinegune","robots":{"index":"index","follow":"follow","max-snippet":"max-snippet:-1","max-image-preview":"max-image-preview:large","max-video-preview":"max-video-preview:-1"},"canonical":"https:\/\/kinegune.com\/eus\/kinegune-fisioterapia\/","og_locale":"en_US","og_type":"article","og_title":"Kinegune - kinegune","og_url":"https:\/\/kinegune.com\/eus\/kinegune-fisioterapia\/","og_site_name":"kinegune","article_modified_time":"2025-11-07T11:48:25+00:00","og_image":[{"width":1920,"height":1280,"url":"https:\/\/kinegune.com\/wp-content\/uploads\/2021\/01\/Kinegune-202010033571.jpg","type":"image\/jpeg"}],"twitter_card":"summary_large_image","twitter_misc":{"Est. reading time":"8 minutua"},"schema":{"@context":"https:\/\/schema.org","@graph":[{"@type":"WebPage","@id":"https:\/\/kinegune.com\/kinegune-fisioterapia\/","url":"https:\/\/kinegune.com\/kinegune-fisioterapia\/","name":"Kinegune - kinegune","isPartOf":{"@id":"https:\/\/kinegune.com\/#website"},"primaryImageOfPage":{"@id":"https:\/\/kinegune.com\/kinegune-fisioterapia\/#primaryimage"},"image":{"@id":"https:\/\/kinegune.com\/kinegune-fisioterapia\/#primaryimage"},"thumbnailUrl":"https:\/\/kinegune.com\/wp-content\/uploads\/2021\/01\/Kinegune-202010033571.jpg","datePublished":"2021-01-11T11:29:14+00:00","dateModified":"2025-11-07T11:48:25+00:00","breadcrumb":{"@id":"https:\/\/kinegune.com\/kinegune-fisioterapia\/#breadcrumb"},"inLanguage":"eu","potentialAction":[{"@type":"ReadAction","target":["https:\/\/kinegune.com\/kinegune-fisioterapia\/"]}]},{"@type":"ImageObject","inLanguage":"eu","@id":"https:\/\/kinegune.com\/kinegune-fisioterapia\/#primaryimage","url":"https:\/\/kinegune.com\/wp-content\/uploads\/2021\/01\/Kinegune-202010033571.jpg","contentUrl":"https:\/\/kinegune.com\/wp-content\/uploads\/2021\/01\/Kinegune-202010033571.jpg","width":1920,"height":1280},{"@type":"BreadcrumbList","@id":"https:\/\/kinegune.com\/kinegune-fisioterapia\/#breadcrumb","itemListElement":[{"@type":"ListItem","position":1,"name":"Portada","item":"https:\/\/kinegune.com\/"},{"@type":"ListItem","position":2,"name":"Kinegune"}]},{"@type":"WebSite","@id":"https:\/\/kinegune.com\/#website","url":"https:\/\/kinegune.com\/","name":"kinegune","description":"Fisioterapia. La mejor salud.","potentialAction":[{"@type":"SearchAction","target":{"@type":"EntryPoint","urlTemplate":"https:\/\/kinegune.com\/?s={search_term_string}"},"query-input":{"@type":"PropertyValueSpecification","valueRequired":true,"valueName":"search_term_string"}}],"inLanguage":"eu"}]}},"_links":{"self":[{"href":"https:\/\/kinegune.com\/eus\/wp-json\/wp\/v2\/pages\/26","targetHints":{"allow":["GET"]}}],"collection":[{"href":"https:\/\/kinegune.com\/eus\/wp-json\/wp\/v2\/pages"}],"about":[{"href":"https:\/\/kinegune.com\/eus\/wp-json\/wp\/v2\/types\/page"}],"author":[{"embeddable":true,"href":"https:\/\/kinegune.com\/eus\/wp-json\/wp\/v2\/users\/1"}],"replies":[{"embeddable":true,"href":"https:\/\/kinegune.com\/eus\/wp-json\/wp\/v2\/comments?post=26"}],"version-history":[{"count":195,"href":"https:\/\/kinegune.com\/eus\/wp-json\/wp\/v2\/pages\/26\/revisions"}],"predecessor-version":[{"id":812,"href":"https:\/\/kinegune.com\/eus\/wp-json\/wp\/v2\/pages\/26\/revisions\/812"}],"wp:featuredmedia":[{"embeddable":true,"href":"https:\/\/kinegune.com\/eus\/wp-json\/wp\/v2\/media\/38"}],"wp:attachment":[{"href":"https:\/\/kinegune.com\/eus\/wp-json\/wp\/v2\/media?parent=26"}],"curies":[{"name":"wp","href":"https:\/\/api.w.org\/{rel}","templated":true}]}}